{"id":10539,"date":"2021-01-15T16:53:07","date_gmt":"2021-01-15T16:53:07","guid":{"rendered":"https:\/\/www.aria-net.it\/?page_id=10539"},"modified":"2021-01-23T18:52:20","modified_gmt":"2021-01-23T18:52:20","slug":"porti-ed-aeroporti","status":"publish","type":"page","link":"https:\/\/www.aria-net.it\/it\/aree-tematiche\/porti-ed-aeroporti\/","title":{"rendered":"Porti ed Aeroporti"},"content":{"rendered":"<p>[vc_row full_width=&#8221;stretch_row&#8221; parallax=&#8221;content-moving-fade&#8221; css=&#8221;.vc_custom_1610728904973{background-color: #ffffff !important;background-position: 0 0;background-repeat: no-repeat !important;}&#8221; el_class=&#8221;services-bg-image&#8221;][vc_column width=&#8221;1\/2&#8243; el_class=&#8221;all-section-title&#8221;][vc_column_text]Le emissioni prodotte dal trasporto aereo e marittimo registrano il pi\u00f9 alto tasso di crescita nel settore trasporti (rispettivamente quasi del 130% e del 32% ) l\u2019unico settore nel quale le emissioni sono aumentate negli ultimi 20 anni; pur prevedendo miglioramenti nei consumi di carburante, si stima che nel 2050 le emissioni degli aerei saranno da 7 a 10 volte pi\u00f9 alte dei livelli del 1990, e che le emissioni derivanti dal trasporto marittimo aumentino tra il 50% e il 250%.<\/p>\n<p>Il contributo crescente alle dinamiche\u00a0 che determinano lo stato di qualit\u00e0 dell&#8217;aria rende porti ed aeroporti oggetto di studi sempre pi\u00f9 accurati per le problematiche ambientali che ne conseguono; tra le sue attivit\u00e0 ARIANET stima le emissioni di tutte le attivit\u00e0 legate a queste infrastrutture,\u00a0 valuta l&#8217;inquinamento atmosferico da esse prodotte utilizzando studi di micro e macroscala ed offre la possibilit\u00e0 di studiare nuovi scenari emissivi a seguito di piani di sviluppo.<\/p>\n<p>[\/vc_column_text][\/vc_column][vc_column width=&#8221;1\/2&#8243;][vc_single_image image=&#8221;10071&#8243; img_size=&#8221;full&#8221;][\/vc_column][\/vc_row]<\/p>\n","protected":false},"excerpt":{"rendered":"<p>[vc_row full_width=&#8221;stretch_row&#8221; parallax=&#8221;content-moving-fade&#8221; css=&#8221;.vc_custom_1610728904973{background-color: #ffffff !important;background-position: 0 0;background-repeat: no-repeat !important;}&#8221; el_class=&#8221;services-bg-image&#8221;][vc_column width=&#8221;1\/2&#8243; el_class=&#8221;all-section-title&#8221;][vc_column_text]Le emissioni prodotte dal trasporto aereo e marittimo registrano il&#8230;<\/p>\n","protected":false},"author":1,"featured_media":0,"parent":8774,"menu_order":0,"comment_status":"closed","ping_status":"closed","template":"","meta":{"footnotes":""},"class_list":["post-10539","page","type-page","status-publish","hentry"],"_links":{"self":[{"href":"https:\/\/www.aria-net.it\/it\/wp-json\/wp\/v2\/pages\/10539","targetHints":{"allow":["GET"]}}],"collection":[{"href":"https:\/\/www.aria-net.it\/it\/wp-json\/wp\/v2\/pages"}],"about":[{"href":"https:\/\/www.aria-net.it\/it\/wp-json\/wp\/v2\/types\/page"}],"author":[{"embeddable":true,"href":"https:\/\/www.aria-net.it\/it\/wp-json\/wp\/v2\/users\/1"}],"replies":[{"embeddable":true,"href":"https:\/\/www.aria-net.it\/it\/wp-json\/wp\/v2\/comments?post=10539"}],"version-history":[{"count":5,"href":"https:\/\/www.aria-net.it\/it\/wp-json\/wp\/v2\/pages\/10539\/revisions"}],"predecessor-version":[{"id":10685,"href":"https:\/\/www.aria-net.it\/it\/wp-json\/wp\/v2\/pages\/10539\/revisions\/10685"}],"up":[{"embeddable":true,"href":"https:\/\/www.aria-net.it\/it\/wp-json\/wp\/v2\/pages\/8774"}],"wp:attachment":[{"href":"https:\/\/www.aria-net.it\/it\/wp-json\/wp\/v2\/media?parent=10539"}],"curies":[{"name":"wp","href":"https:\/\/api.w.org\/{rel}","templated":true}]}}