{"id":10542,"date":"2021-01-15T16:53:41","date_gmt":"2021-01-15T16:53:41","guid":{"rendered":"https:\/\/www.aria-net.it\/?page_id=10542"},"modified":"2021-01-17T18:41:20","modified_gmt":"2021-01-17T18:41:20","slug":"elaborazione-di-scenari","status":"publish","type":"page","link":"https:\/\/www.aria-net.it\/it\/aree-tematiche\/elaborazione-di-scenari\/","title":{"rendered":"Elaborazione di Scenari"},"content":{"rendered":"<p>[vc_row full_width=&#8221;stretch_row&#8221; parallax=&#8221;content-moving-fade&#8221; css=&#8221;.vc_custom_1610728904973{background-color: #ffffff !important;background-position: 0 0;background-repeat: no-repeat !important;}&#8221; el_class=&#8221;services-bg-image&#8221;][vc_column el_class=&#8221;all-section-title&#8221;][vc_column_text]<\/p>\n<div class=\"ccvoYb\">\n<div class=\"AxqVh\">\n<div class=\"OPPzxe\">\n<div class=\"dePhmb\">\n<div class=\"eyKpYb\" data-language=\"it\" data-original-language=\"en\" data-result-index=\"0\">\n<div class=\"J0lOec\"><span class=\"VIiyi\" lang=\"it\"><span class=\"JLqJ4b\" data-language-for-alternatives=\"it\" data-language-to-translate-into=\"en\" data-phrase-index=\"0\">Gli scenari di emissione sono possibili evoluzioni dell&#8217;immissione di inquinanti in atmosfera.<\/span><\/span><\/div>\n<div class=\"J0lOec\"><span class=\"VIiyi\" lang=\"it\"><span class=\"JLqJ4b\" data-language-for-alternatives=\"it\" data-language-to-translate-into=\"en\" data-phrase-index=\"0\"> Facendo alcune ipotesi si possono stimare le emissioni future e i loro effetti sulla qualit\u00e0 dell&#8217;aria.<\/span><\/span><\/div>\n<div class=\"J0lOec\"><span class=\"VIiyi\" lang=\"it\"><span class=\"JLqJ4b\" data-language-for-alternatives=\"it\" data-language-to-translate-into=\"en\" data-phrase-index=\"0\">Ci\u00f2 che pu\u00f2 determinare l&#8217;evoluzione\u00a0 degli scenari di emissione sono parametri legati, ad esempio,\u00a0 alla crescita demografica, all&#8217;uso delle energie, allo sviluppo tecnologico, &#8230;<\/span><\/span><\/div>\n<div class=\"J0lOec\"><span class=\"VIiyi\" lang=\"it\"><span class=\"JLqJ4b\" data-language-for-alternatives=\"it\" data-language-to-translate-into=\"en\" data-phrase-index=\"0\">ARIANET\u00a0 \u00e8 in grado di offrire supporto per l&#8217;elaborazione di scenari che tengano conto sia dei trend definiti dai parametri socio economici che prendono in considerazione gli effetti della normativa che controlla le emissioni di inquinanti nella prospettiva di uno sviluppo economico<br \/>\nfuturo, sia degli effetti legati all&#8217;applicazione di misure sito-specifiche.<\/span><\/span><\/div>\n<div class=\"J0lOec\"><\/div>\n<div class=\"UdTY9 BwTYAc Yb6eTe\" aria-hidden=\"true\" data-location=\"2\">\n<div class=\"kO6q6e\"><\/div>\n<\/div>\n<div class=\"BdDRKe\">\n<div class=\"aJIq1d DSmisd\" data-language-code=\"it\" data-language-name=\"Italiano\" data-text=\"Scenario di emissione Gli scenari di emissione sono possibili percorsi che la societ\u00e0 potrebbe intraprendere per l'emissione di gas a effetto serra in futuro. \u00c8 difficile prevedere cosa accadr\u00e0 nella societ\u00e0 nei prossimi 5 anni, figuriamoci prevedere i prossimi 100. La societ\u00e0 potrebbe continuare a inquinare pesantemente, oppure potrebbe passare a emissioni minime per sfruttare la sua energia, o qualsiasi altra via di mezzo. Facendo ipotesi su come si svilupper\u00e0 la societ\u00e0, ad esempio su come crescer\u00e0 la popolazione mondiale e su come interagiscono le economie mondiali, \u00e8 possibile stimare le emissioni future del mondo e i loro effetti sul clima. Questo \u00e8 noto come approccio alla trama. Un altro metodo \u00e8 semplicemente assumere le emissioni in un momento futuro e poi vedere quali passi la societ\u00e0 potrebbe dover compiere per arrivarci. Questo approccio \u00e8 noto come Representative Concentration Pathways (RCP) e sar\u00e0 discusso insieme all'approccio Storyline. Cosa determina diversi scenari di emissione? articolo principale I fattori determinanti per gli scenari di emissione sono noti come forze motrici. Le principali forze che &quot;guidano&quot; le emissioni future della societ\u00e0 sono: [1] Crescita demografica Cambiamenti nell'uso dell'energia Sviluppo economico Sviluppo tecnologico e Cambiamento dell'uso del suolo Ciascuna delle forze motrici influenza il modo in cui la societ\u00e0 emette sostanze inquinanti, in particolare i gas serra. Se la popolazione cresce drasticamente, si prevede che le emissioni di GHG aumenteranno con essa. Se la tecnologia si sviluppa in modo tale che la generazione elettrica diventi pi\u00f9 efficiente, le emissioni di GHG potrebbero essere in grado di diminuire. Ci sono molte combinazioni di queste forze motrici che possono verificarsi, portando cos\u00ec a vari scenari. Visita le forze trainanti per gli scenari di emissione per ulteriori informazioni. Scenari di emissione Di seguito \u00e8 riportato un riepilogo dei due metodi di scenario delle emissioni adottati dall'IPCC nei rapporti precedenti. Il video in fondo alla pagina discute ciascuno in modo pi\u00f9 dettagliato, insieme alle immagini e ai risultati dei diversi approcci. Gli effetti degli scenari sul clima sono discussi qui.\" data-crosslingual-hint=\"\" data-location=\"2\" data-enable-toggle-playback-speed=\"true\">\n<div data-show-delay-ms=\"250\" data-append-to-body=\"true\" data-propagate-tooltip-mouseover-events=\"true\" data-anchor-corner=\"bottom-left\" data-popup-corner=\"top-left\"><\/div>\n<\/div>\n<\/div>\n<\/div>\n<\/div>\n<\/div>\n<\/div>\n<\/div>\n<div class=\"kGmWO\"><\/div>\n<p>[\/vc_column_text][\/vc_column][\/vc_row]<\/p>\n","protected":false},"excerpt":{"rendered":"<p>[vc_row full_width=&#8221;stretch_row&#8221; parallax=&#8221;content-moving-fade&#8221; css=&#8221;.vc_custom_1610728904973{background-color: #ffffff !important;background-position: 0 0;background-repeat: no-repeat !important;}&#8221; el_class=&#8221;services-bg-image&#8221;][vc_column el_class=&#8221;all-section-title&#8221;][vc_column_text] Gli scenari di emissione sono possibili evoluzioni dell&#8217;immissione di inquinanti&#8230;<\/p>\n","protected":false},"author":1,"featured_media":0,"parent":8774,"menu_order":0,"comment_status":"closed","ping_status":"closed","template":"","meta":{"footnotes":""},"class_list":["post-10542","page","type-page","status-publish","hentry"],"_links":{"self":[{"href":"https:\/\/www.aria-net.it\/it\/wp-json\/wp\/v2\/pages\/10542","targetHints":{"allow":["GET"]}}],"collection":[{"href":"https:\/\/www.aria-net.it\/it\/wp-json\/wp\/v2\/pages"}],"about":[{"href":"https:\/\/www.aria-net.it\/it\/wp-json\/wp\/v2\/types\/page"}],"author":[{"embeddable":true,"href":"https:\/\/www.aria-net.it\/it\/wp-json\/wp\/v2\/users\/1"}],"replies":[{"embeddable":true,"href":"https:\/\/www.aria-net.it\/it\/wp-json\/wp\/v2\/comments?post=10542"}],"version-history":[{"count":3,"href":"https:\/\/www.aria-net.it\/it\/wp-json\/wp\/v2\/pages\/10542\/revisions"}],"predecessor-version":[{"id":10588,"href":"https:\/\/www.aria-net.it\/it\/wp-json\/wp\/v2\/pages\/10542\/revisions\/10588"}],"up":[{"embeddable":true,"href":"https:\/\/www.aria-net.it\/it\/wp-json\/wp\/v2\/pages\/8774"}],"wp:attachment":[{"href":"https:\/\/www.aria-net.it\/it\/wp-json\/wp\/v2\/media?parent=10542"}],"curies":[{"name":"wp","href":"https:\/\/api.w.org\/{rel}","templated":true}]}}