{"id":11762,"date":"2024-12-23T12:28:26","date_gmt":"2024-12-23T10:28:26","guid":{"rendered":"https:\/\/www.aria-net.it\/?page_id=11762"},"modified":"2025-02-07T14:48:51","modified_gmt":"2025-02-07T12:48:51","slug":"giornate-arianet","status":"publish","type":"page","link":"https:\/\/www.aria-net.it\/it\/giornate-arianet\/","title":{"rendered":"Giornate ARIANET"},"content":{"rendered":"<p>[vc_row][vc_column]<div class=\"rs-blog-grid rs-blog \">\n\t\t\t\t\t<div class=\"row\"><div class=\"blog-item col-md-4 col-sm-12 col-xs-12\">\n\t\t\t\t\t\t<div class=\"bottom-shadow1\">\n\t\t\t\t\t\t\t<div class=\"blog-meta\">\n\t\t\t\t\t\t\t<h3 class=\"blog-title\"><a href=\"https:\/\/www.aria-net.it\/it\/?post_type=post&p=12664\"> XIII Giornata della modellistica in ARIA(NET) &#8211; Presentazioni <\/a><\/h3>\t\t\t\t\t\t\t\t  \t\n\t\t\t\t\t\t\t \t<div class=\"blog-date\">\n\t\t\t\t\t\t\t \t\t<span class=\"author\"><i class=\"fa fa-user\"><\/i> arianet-admin<\/span>\n\t\t\t\t\t\t\t \t\t<span class=\"date-post\"><i class=\"fa fa-calendar\"><\/i> 24\/04\/2026 <\/span>\t\t\t\t\t\t\t \t\t\n\t\t\t\t\t\t\t \t<\/div>\t\n\t\t\t\t\t\t\t \t\t\t\t\t \t\n\t\t\t\t\t\t\t<\/div>\t\t\t\t\t\n\t\t\t\t\t\t\t<div class=\"blog-desc\">\n\t\t\t\t\t\t\t\t&nbsp; Marted\u00ec 24 e Mercoled\u00ec 25 Marzo, si \u00e8 svolta la tredicesima edizione della \u201cGiornata della modellistica in ARIA(NET)\u201d, l&#8217;evento annuale dedicato...\n\t\t\t\t\t\t\t<\/div>\n\t\t\t\t\t\t\t<div class=\"blog-button\">\n\t\t\t\t\t\t\t\t<a href=\"https:\/\/www.aria-net.it\/it\/?post_type=post&p=12664\">Read More<\/a>\n\t\t\t\t\t\t\t<\/div>\n\t\t\t\t\t\t<\/div>\n\t\t\t\t\t<\/div>\t\t\n\t\t\t\t\t<div class=\"blog-item col-md-4 col-sm-12 col-xs-12\">\n\t\t\t\t\t\t<div class=\"bottom-shadow1\">\n\t\t\t\t\t\t\t<div class=\"blog-meta\">\n\t\t\t\t\t\t\t<h3 class=\"blog-title\"><a href=\"https:\/\/www.aria-net.it\/it\/?post_type=post&p=12327\"> XII Giornata della modellistica in ARIA(NET) &#8211; Presentazioni <\/a><\/h3>\t\t\t\t\t\t\t\t  \t\n\t\t\t\t\t\t\t \t<div class=\"blog-date\">\n\t\t\t\t\t\t\t \t\t<span class=\"author\"><i class=\"fa fa-user\"><\/i> arianet-admin<\/span>\n\t\t\t\t\t\t\t \t\t<span class=\"date-post\"><i class=\"fa fa-calendar\"><\/i> 16\/04\/2025 <\/span>\t\t\t\t\t\t\t \t\t\n\t\t\t\t\t\t\t \t<\/div>\t\n\t\t\t\t\t\t\t \t\t\t\t\t \t\n\t\t\t\t\t\t\t<\/div>\t\t\t\t\t\n\t\t\t\t\t\t\t<div class=\"blog-desc\">\n\t\t\t\t\t\t\t\t&nbsp; Marted\u00ec 25 e Mercoled\u00ec 26 Marzo, si \u00e8 svolta la dodicesima edizione della \u201cGiornata della modellistica in ARIA(NET)\u201d, l&#8217;evento annuale dedicato...\n\t\t\t\t\t\t\t<\/div>\n\t\t\t\t\t\t\t<div class=\"blog-button\">\n\t\t\t\t\t\t\t\t<a href=\"https:\/\/www.aria-net.it\/it\/?post_type=post&p=12327\">Read More<\/a>\n\t\t\t\t\t\t\t<\/div>\n\t\t\t\t\t\t<\/div>\n\t\t\t\t\t<\/div>\t\t\n\t\t\t\t\t<div class=\"blog-item col-md-4 col-sm-12 col-xs-12\">\n\t\t\t\t\t\t<div class=\"bottom-shadow1\">\n\t\t\t\t\t\t\t<div class=\"blog-meta\">\n\t\t\t\t\t\t\t<h3 class=\"blog-title\"><a href=\"https:\/\/www.aria-net.it\/it\/?post_type=post&p=11689\"> XI Giornata della modellistica in ARIA(NET) <\/a><\/h3>\t\t\t\t\t\t\t\t  \t\n\t\t\t\t\t\t\t \t<div class=\"blog-date\">\n\t\t\t\t\t\t\t \t\t<span class=\"author\"><i class=\"fa fa-user\"><\/i> admin<\/span>\n\t\t\t\t\t\t\t \t\t<span class=\"date-post\"><i class=\"fa fa-calendar\"><\/i> 03\/05\/2024 <\/span>\t\t\t\t\t\t\t \t\t\n\t\t\t\t\t\t\t \t<\/div>\t\n\t\t\t\t\t\t\t \t\t\t\t\t \t\n\t\t\t\t\t\t\t<\/div>\t\t\t\t\t\n\t\t\t\t\t\t\t<div class=\"blog-desc\">\n\t\t\t\t\t\t\t\tGioved\u00ec 11 aprile 2024 si \u00e8 svolta l\u2019undicesima edizione della \u201cGiornata della modellistica in ARIA(NET)\u201d, l&#8217;evento annuale dedicato all\u2019incontro con gli utilizzatori...\n\t\t\t\t\t\t\t<\/div>\n\t\t\t\t\t\t\t<div class=\"blog-button\">\n\t\t\t\t\t\t\t\t<a href=\"https:\/\/www.aria-net.it\/it\/?post_type=post&p=11689\">Read More<\/a>\n\t\t\t\t\t\t\t<\/div>\n\t\t\t\t\t\t<\/div>\n\t\t\t\t\t<\/div>\t\t\n\t\t\t\t\t<div class=\"blog-item col-md-4 col-sm-12 col-xs-12\">\n\t\t\t\t\t\t<div class=\"bottom-shadow1\">\n\t\t\t\t\t\t\t<div class=\"blog-meta\">\n\t\t\t\t\t\t\t<h3 class=\"blog-title\"><a href=\"https:\/\/www.aria-net.it\/it\/?post_type=post&p=10777\"> VIII Giornata ARIANET <\/a><\/h3>\t\t\t\t\t\t\t\t  \t\n\t\t\t\t\t\t\t \t<div class=\"blog-date\">\n\t\t\t\t\t\t\t \t\t<span class=\"author\"><i class=\"fa fa-user\"><\/i> admin<\/span>\n\t\t\t\t\t\t\t \t\t<span class=\"date-post\"><i class=\"fa fa-calendar\"><\/i> 26\/02\/2021 <\/span>\t\t\t\t\t\t\t \t\t\n\t\t\t\t\t\t\t \t<\/div>\t\n\t\t\t\t\t\t\t \t\t\t\t\t \t\n\t\t\t\t\t\t\t<\/div>\t\t\t\t\t\n\t\t\t\t\t\t\t<div class=\"blog-desc\">\n\t\t\t\t\t\t\t\tNelle mattinate del 27 e 28 gennaio 2021 si \u00e8 svolta in videoconferenza l\u2019VIII\u00a0giornata di incontro con la comunit\u00e0 di utenti del...\n\t\t\t\t\t\t\t<\/div>\n\t\t\t\t\t\t\t<div class=\"blog-button\">\n\t\t\t\t\t\t\t\t<a href=\"https:\/\/www.aria-net.it\/it\/?post_type=post&p=10777\">Read More<\/a>\n\t\t\t\t\t\t\t<\/div>\n\t\t\t\t\t\t<\/div>\n\t\t\t\t\t<\/div>\t\t\n\t\t\t\t\t<div class=\"blog-item col-md-4 col-sm-12 col-xs-12\">\n\t\t\t\t\t\t<div class=\"bottom-shadow1\">\n\t\t\t\t\t\t\t<div class=\"blog-meta\">\n\t\t\t\t\t\t\t<h3 class=\"blog-title\"><a href=\"https:\/\/www.aria-net.it\/it\/?post_type=post&p=2162\"> VII giornata ARIANET <\/a><\/h3>\t\t\t\t\t\t\t\t  \t\n\t\t\t\t\t\t\t \t<div class=\"blog-date\">\n\t\t\t\t\t\t\t \t\t<span class=\"author\"><i class=\"fa fa-user\"><\/i> admin<\/span>\n\t\t\t\t\t\t\t \t\t<span class=\"date-post\"><i class=\"fa fa-calendar\"><\/i> 30\/01\/2020 <\/span>\t\t\t\t\t\t\t \t\t\n\t\t\t\t\t\t\t \t<\/div>\t\n\t\t\t\t\t\t\t \t\t\t\t\t \t\n\t\t\t\t\t\t\t<\/div>\t\t\t\t\t\n\t\t\t\t\t\t\t<div class=\"blog-desc\">\n\t\t\t\t\t\t\t\tLa &#8220;VII giornata sulla Modellistica in ARIA(NET)&#8221; si \u00e8 appena conclusa; anche quest&#8217;anno i risultati ottenuti dalle diverse esperienze della comunit\u00e0 di...\n\t\t\t\t\t\t\t<\/div>\n\t\t\t\t\t\t\t<div class=\"blog-button\">\n\t\t\t\t\t\t\t\t<a href=\"https:\/\/www.aria-net.it\/it\/?post_type=post&p=2162\">Read More<\/a>\n\t\t\t\t\t\t\t<\/div>\n\t\t\t\t\t\t<\/div>\n\t\t\t\t\t<\/div>\t\t\n\t\t\t\t\t<div class=\"blog-item col-md-4 col-sm-12 col-xs-12\">\n\t\t\t\t\t\t<div class=\"bottom-shadow1\">\n\t\t\t\t\t\t\t<div class=\"blog-meta\">\n\t\t\t\t\t\t\t<h3 class=\"blog-title\"><a href=\"https:\/\/www.aria-net.it\/it\/?post_type=post&p=9153\"> VI giornata ARIANET <\/a><\/h3>\t\t\t\t\t\t\t\t  \t\n\t\t\t\t\t\t\t \t<div class=\"blog-date\">\n\t\t\t\t\t\t\t \t\t<span class=\"author\"><i class=\"fa fa-user\"><\/i> admin<\/span>\n\t\t\t\t\t\t\t \t\t<span class=\"date-post\"><i class=\"fa fa-calendar\"><\/i> 31\/01\/2019 <\/span>\t\t\t\t\t\t\t \t\t\n\t\t\t\t\t\t\t \t<\/div>\t\n\t\t\t\t\t\t\t \t\t\t\t\t \t\n\t\t\t\t\t\t\t<\/div>\t\t\t\t\t\n\t\t\t\t\t\t\t<div class=\"blog-desc\">\n\t\t\t\t\t\t\t\tRingraziando i relatori ed i partecipanti alla VI giornata ARIANET L&#8217;ormai consueto appuntamento di inizio anno\u00a0si \u00e8 appena concluso, anche la sesta...\n\t\t\t\t\t\t\t<\/div>\n\t\t\t\t\t\t\t<div class=\"blog-button\">\n\t\t\t\t\t\t\t\t<a href=\"https:\/\/www.aria-net.it\/it\/?post_type=post&p=9153\">Read More<\/a>\n\t\t\t\t\t\t\t<\/div>\n\t\t\t\t\t\t<\/div>\n\t\t\t\t\t<\/div>\t\t\n\t\t\t\t\t<div class=\"pagination-area\"><div class=\"nav-links\"><span aria-current=\"page\" class=\"page-numbers current\">1<\/span>\n<a class=\"page-numbers\" href=\"https:\/\/www.aria-net.it\/it\/wp-json\/wp\/v2\/pages\/11762\/page\/2\/\">2<\/a>\n<a class=\"next page-numbers\" href=\"https:\/\/www.aria-net.it\/it\/wp-json\/wp\/v2\/pages\/11762\/page\/2\/\">Successivo &raquo;<\/a><\/div><\/div><\/div><\/div>[\/vc_column][\/vc_row]<\/p>\n","protected":false},"excerpt":{"rendered":"<p>[vc_row][vc_column][\/vc_column]&#8230;<\/p>\n","protected":false},"author":1,"featured_media":0,"parent":0,"menu_order":0,"comment_status":"closed","ping_status":"closed","template":"","meta":{"footnotes":""},"class_list":["post-11762","page","type-page","status-publish","hentry"],"_links":{"self":[{"href":"https:\/\/www.aria-net.it\/it\/wp-json\/wp\/v2\/pages\/11762","targetHints":{"allow":["GET"]}}],"collection":[{"href":"https:\/\/www.aria-net.it\/it\/wp-json\/wp\/v2\/pages"}],"about":[{"href":"https:\/\/www.aria-net.it\/it\/wp-json\/wp\/v2\/types\/page"}],"author":[{"embeddable":true,"href":"https:\/\/www.aria-net.it\/it\/wp-json\/wp\/v2\/users\/1"}],"replies":[{"embeddable":true,"href":"https:\/\/www.aria-net.it\/it\/wp-json\/wp\/v2\/comments?post=11762"}],"version-history":[{"count":3,"href":"https:\/\/www.aria-net.it\/it\/wp-json\/wp\/v2\/pages\/11762\/revisions"}],"predecessor-version":[{"id":11828,"href":"https:\/\/www.aria-net.it\/it\/wp-json\/wp\/v2\/pages\/11762\/revisions\/11828"}],"wp:attachment":[{"href":"https:\/\/www.aria-net.it\/it\/wp-json\/wp\/v2\/media?parent=11762"}],"curies":[{"name":"wp","href":"https:\/\/api.w.org\/{rel}","templated":true}]}}